{"id":74,"date":"2016-07-31T01:26:16","date_gmt":"2016-07-31T01:26:16","guid":{"rendered":"http:\/\/loud-cry.com\/wordpress\/?page_id=74"},"modified":"2023-09-30T19:01:57","modified_gmt":"2023-09-30T19:01:57","slug":"loud-cry-com","status":"publish","type":"page","link":"https:\/\/loud-cry.com\/wordpress\/loud-cry-com\/","title":{"rendered":"Loud-Cry.com"},"content":{"rendered":"<p>Here is the link for the original page:<\/p>\n<p><a href=\"https:\/\/www.loud-cry.com\">https:\/\/www.loud-cry.com<\/a><\/p>\n<p>YouTube Channel:<br \/><a href=\"https:\/\/www.youtube.com\/channel\/UCI_9vDx5NE3sWG2ePd-f-wA\">https:\/\/www.youtube.com\/channel\/UCI_9vDx5NE3sWG2ePd-f-wA<\/a><\/p>\n<p>Real Video Channel (Now Brighteon):<br \/><a href=\"https:\/\/www.brighteon.com\/channel\/loudcry\">https:\/\/www.brighteon.com\/channel\/loudcry<\/a><\/p>\n<p><a href=\"https:\/\/loud-cry.com\/wordpress\/index.php\/himnario-asd-62-algunos-youtube\/\">Himnario ASD Antiguo (Youtube) <\/a><\/p>\n<p><a href=\"https:\/\/loud-cry.com\/wordpress\/index.php\/himnario-asd-antiguo-2\/\" target=\"_blank\" rel=\"noopener noreferrer\">Himnario ASD Antiguo (versi\u00f3n mejorada)<\/a><\/p>\n\n\n<p><a href=\"https:\/\/loud-cry.com\/wordpress\/index.php\/2020\/12\/30\/las-lineas-profeticas-de-daniel\/\" target=\"_blank\" rel=\"noreferrer noopener\">Las L\u00edneas Prof\u00e9ticas de Daniel (P\u00e1gina original)<\/a><\/p>\n\n\n\n<p><a href=\"http:\/\/www.loud-cry.com\/Mensajes_importantes\/Daniel_y_Apocalipsis\/Las_Lineas_Profeticas_de_Daniel.htm\" target=\"_blank\" rel=\"noreferrer noopener\">Las L\u00edneas Prof\u00e9ticas de Daniel (P\u00e1gina alterna, con diagrama de Daniel 12)<\/a><\/p>\n\n\n\n<p><a href=\"https:\/\/www.loud-cry.com\/Mensajes_importantes\/Daniel_y_Apocalipsis\/Las_Lineas_Profeticas_de_Daniel_Fechas_en_imagen.htm\" target=\"_blank\" rel=\"noreferrer noopener\">Daniel 12 &#8211; Diagrama con ubicaciones para fechas<\/a><\/p>\n","protected":false},"excerpt":{"rendered":"<p>Here is the link for the original page: https:\/\/www.loud-cry.com YouTube Channel:https:\/\/www.youtube.com\/channel\/UCI_9vDx5NE3sWG2ePd-f-wA Real Video Channel (Now Brighteon):https:\/\/www.brighteon.com\/channel\/loudcry Himnario ASD Antiguo (Youtube) Himnario ASD Antiguo (versi\u00f3n mejorada) Las L\u00edneas Prof\u00e9ticas de Daniel (P\u00e1gina original) Las L\u00edneas Prof\u00e9ticas de Daniel (P\u00e1gina alterna, con diagrama de Daniel 12) Daniel 12 &#8211; Diagrama con ubicaciones para fechas<\/p>\n","protected":false},"author":2,"featured_media":0,"parent":0,"menu_order":0,"comment_status":"closed","ping_status":"closed","template":"","meta":{"footnotes":""},"_links":{"self":[{"href":"https:\/\/loud-cry.com\/wordpress\/wp-json\/wp\/v2\/pages\/74"}],"collection":[{"href":"https:\/\/loud-cry.com\/wordpress\/wp-json\/wp\/v2\/pages"}],"about":[{"href":"https:\/\/loud-cry.com\/wordpress\/wp-json\/wp\/v2\/types\/page"}],"author":[{"embeddable":true,"href":"https:\/\/loud-cry.com\/wordpress\/wp-json\/wp\/v2\/users\/2"}],"replies":[{"embeddable":true,"href":"https:\/\/loud-cry.com\/wordpress\/wp-json\/wp\/v2\/comments?post=74"}],"version-history":[{"count":3,"href":"https:\/\/loud-cry.com\/wordpress\/wp-json\/wp\/v2\/pages\/74\/revisions"}],"predecessor-version":[{"id":2985,"href":"https:\/\/loud-cry.com\/wordpress\/wp-json\/wp\/v2\/pages\/74\/revisions\/2985"}],"wp:attachment":[{"href":"https:\/\/loud-cry.com\/wordpress\/wp-json\/wp\/v2\/media?parent=74"}],"curies":[{"name":"wp","href":"https:\/\/api.w.org\/{rel}","templated":true}]}}